{"id":1094,"date":"2022-12-10T10:53:30","date_gmt":"2022-12-10T09:53:30","guid":{"rendered":"https:\/\/onlineexhibition.sockets-cocreation.eu\/votmetehnoloogiate-dilemmadega-mang\/"},"modified":"2023-03-13T15:48:42","modified_gmt":"2023-03-13T14:48:42","slug":"votmetehnoloogiate-dilemmadega-mang","status":"publish","type":"page","link":"https:\/\/onlineexhibition.sockets-cocreation.eu\/et\/votmetehnoloogiate-dilemmadega-mang\/","title":{"rendered":"V\u00f5tmetehnoloogiate dilemmadega m\u00e4ng"},"content":{"rendered":"<p>Olete linnavolikogu liige Utoopias, j\u00f5ukas linnas Kesk-Euroopas. Teie eesm\u00e4rgiks on s\u00e4ilitada linnas tasakaal nelja \u00fchiskonnasamba vahel: keskkond, tervishoid, majandus ja sotsiaalne rahu. Kui \u00fcks nendest sammastest muutub liiga n\u00f5rgaks, sunnib avalikkuse surve Teid tagasi astuma ja m\u00e4ng on l\u00e4bi.<\/p>\n<p>M\u00e4ngu ajal tuleb langetada otsuseid, l\u00e4htudes kaaskodanike erinevatest sooviavaldustest. Vastuste andmisel tuleb olla ettevaatlik, kuna need m\u00f5jutavad nelja sammast. Kas oskate teha \u00f5igeid valikuid? Hakkame pihta, esimesed taotlejad on saabunud.<\/p>\n","protected":false},"excerpt":{"rendered":"<p>Olete linnavolikogu liige Utoopias, j\u00f5ukas linnas Kesk-Euroopas. Teie eesm\u00e4rgiks on s\u00e4ilitada linnas tasakaal nelja \u00fchiskonnasamba vahel: keskkond, tervishoid, majandus ja sotsiaalne rahu. Kui \u00fcks nendest sammastest muutub liiga n\u00f5rgaks, sunnib avalikkuse surve Teid tagasi astuma ja m\u00e4ng on l\u00e4bi. M\u00e4ngu ajal tuleb langetada otsuseid, l\u00e4htudes kaaskodanike erinevatest sooviavaldustest. Vastuste andmisel tuleb olla ettevaatlik, kuna need [&hellip;]<\/p>\n","protected":false},"author":6,"featured_media":0,"parent":0,"menu_order":1,"comment_status":"closed","ping_status":"closed","template":"page-game.php","meta":{"_et_pb_use_builder":"","_et_pb_old_content":"","_et_gb_content_width":""},"acf":[],"_links":{"self":[{"href":"https:\/\/onlineexhibition.sockets-cocreation.eu\/et\/wp-json\/wp\/v2\/pages\/1094"}],"collection":[{"href":"https:\/\/onlineexhibition.sockets-cocreation.eu\/et\/wp-json\/wp\/v2\/pages"}],"about":[{"href":"https:\/\/onlineexhibition.sockets-cocreation.eu\/et\/wp-json\/wp\/v2\/types\/page"}],"author":[{"embeddable":true,"href":"https:\/\/onlineexhibition.sockets-cocreation.eu\/et\/wp-json\/wp\/v2\/users\/6"}],"replies":[{"embeddable":true,"href":"https:\/\/onlineexhibition.sockets-cocreation.eu\/et\/wp-json\/wp\/v2\/comments?post=1094"}],"version-history":[{"count":1,"href":"https:\/\/onlineexhibition.sockets-cocreation.eu\/et\/wp-json\/wp\/v2\/pages\/1094\/revisions"}],"predecessor-version":[{"id":1095,"href":"https:\/\/onlineexhibition.sockets-cocreation.eu\/et\/wp-json\/wp\/v2\/pages\/1094\/revisions\/1095"}],"wp:attachment":[{"href":"https:\/\/onlineexhibition.sockets-cocreation.eu\/et\/wp-json\/wp\/v2\/media?parent=1094"}],"curies":[{"name":"wp","href":"https:\/\/api.w.org\/{rel}","templated":true}]}}