{"id":1075,"date":"2022-12-10T10:53:30","date_gmt":"2022-12-10T09:53:30","guid":{"rendered":"https:\/\/onlineexhibition.sockets-cocreation.eu\/gioca-con-le-ket\/"},"modified":"2023-03-13T17:29:46","modified_gmt":"2023-03-13T16:29:46","slug":"gioca-con-le-ket","status":"publish","type":"page","link":"https:\/\/onlineexhibition.sockets-cocreation.eu\/it\/gioca-con-le-ket\/","title":{"rendered":"Gioca con le KET"},"content":{"rendered":"<p>Fai parte del consiglio comunale di Utopia, una citt\u00e0 prospera nel centro dell&#8217;Europa. l tuo obiettivo \u00e8 mantenere l&#8217;equilibrio nella citt\u00e0 tra i quattro pilastri: ambiente, salute, economia e pace sociale. Se uno dei pilastri diventa troppo debole, la pressione dell&#8217;opinione pubblica ti costringer\u00e0 a dimetterti e il gioco sar\u00e0 finito.<\/p>\n<p>Durante il gioco, dovrai prendere decisioni seguendo le diverse richieste dei vostri concittadini. Fate attenzione perch\u00e9 le tue risposte influenzano i quattro pilastri. Riuscirai a fare le scelte giuste? Inizia a giocare, i primi concittadini sono gi\u00e0 arrivati.<\/p>\n","protected":false},"excerpt":{"rendered":"<p>Fai parte del consiglio comunale di Utopia, una citt\u00e0 prospera nel centro dell&#8217;Europa. l tuo obiettivo \u00e8 mantenere l&#8217;equilibrio nella citt\u00e0 tra i quattro pilastri: ambiente, salute, economia e pace sociale. Se uno dei pilastri diventa troppo debole, la pressione dell&#8217;opinione pubblica ti costringer\u00e0 a dimetterti e il gioco sar\u00e0 finito. Durante il gioco, dovrai [&hellip;]<\/p>\n","protected":false},"author":6,"featured_media":0,"parent":0,"menu_order":1,"comment_status":"closed","ping_status":"closed","template":"page-game.php","meta":{"_et_pb_use_builder":"","_et_pb_old_content":"","_et_gb_content_width":""},"acf":[],"_links":{"self":[{"href":"https:\/\/onlineexhibition.sockets-cocreation.eu\/it\/wp-json\/wp\/v2\/pages\/1075"}],"collection":[{"href":"https:\/\/onlineexhibition.sockets-cocreation.eu\/it\/wp-json\/wp\/v2\/pages"}],"about":[{"href":"https:\/\/onlineexhibition.sockets-cocreation.eu\/it\/wp-json\/wp\/v2\/types\/page"}],"author":[{"embeddable":true,"href":"https:\/\/onlineexhibition.sockets-cocreation.eu\/it\/wp-json\/wp\/v2\/users\/6"}],"replies":[{"embeddable":true,"href":"https:\/\/onlineexhibition.sockets-cocreation.eu\/it\/wp-json\/wp\/v2\/comments?post=1075"}],"version-history":[{"count":1,"href":"https:\/\/onlineexhibition.sockets-cocreation.eu\/it\/wp-json\/wp\/v2\/pages\/1075\/revisions"}],"predecessor-version":[{"id":1096,"href":"https:\/\/onlineexhibition.sockets-cocreation.eu\/it\/wp-json\/wp\/v2\/pages\/1075\/revisions\/1096"}],"wp:attachment":[{"href":"https:\/\/onlineexhibition.sockets-cocreation.eu\/it\/wp-json\/wp\/v2\/media?parent=1075"}],"curies":[{"name":"wp","href":"https:\/\/api.w.org\/{rel}","templated":true}]}}